{"id":17886,"date":"2023-04-20T08:33:06","date_gmt":"2023-04-20T07:33:06","guid":{"rendered":"https:\/\/qbichotels.com\/?page_id=17886"},"modified":"2023-10-03T12:14:30","modified_gmt":"2023-10-03T11:14:30","slug":"schiphol-airport-hotel","status":"publish","type":"page","link":"https:\/\/qbichotels.com\/de\/contact\/schiphol-airport-hotel\/","title":{"rendered":"Schiphol Airport Hotel"},"content":{"rendered":"<p>Schiphol ist der viertgr\u00f6\u00dfte Flughafen Europas und der 16. verkehrsreichste Flughafen der Welt. Qbic befindet sich in idealer Lage in der N\u00e4he des Flughafens und der \u00f6ffentlichen Verkehrsmittel mit guter Anbindung an den Flughafen und die Touristen- und Gesch\u00e4ftsviertel von Amsterdam.<\/p>\n<p>Qbic bietet eine Unterkunft zum Entspannen, die sich f\u00fcr alles eignet, von kurzen Wochenendtrips oder Gesch\u00e4ftsreisen bis hin zu l\u00e4ngeren Aufenthalten zur Erkundung unserer Kulturstadt. Das Hotel befindet sich im WTC im Herzen des Gesch\u00e4ftsviertels und nur wenige Gehminuten vom RAI-Kongresszentrum entfernt.<\/p>\n<h2>Anreise zum Qbic Hotel Amsterdam vom Flughafen Schiphol<\/h2>\n<p>Das Qbic Amsterdam ist vom Flughafen Schiphol Amsterdam aus leicht zu erreichen, entweder mit dem Auto, dem Taxi oder den \u00f6ffentlichen Verkehrsmitteln. Wir empfehlen die Nutzung \u00f6ffentlicher Verkehrsmittel, da dies die schnellste Option ist. In nur 6 Minuten erreichen Sie Qbic mit dem 0train direkt von der Abflughalle des Flughafens in Richtung Bahnhof Amsterdam Zuid.<\/p>\n<h3>\u00d6ffentliche Verkehrsmittel<\/h3>\n<p>Von der gro\u00dfen Ankunfts- und Abflughalle des Flughafens nehmen Sie einen beliebigen Zug, der am Bahnhof Amsterdam Zuid h\u00e4lt. Die Z\u00fcge fahren etwa alle 10 Minuten und bringen Sie zum Bahnhof Amsterdam Zuid, der sich direkt um die Ecke des Hotels befindet. Wenn Sie den Ausgang &#8218;Zuidplein&#8216; des Bahnhofs Amsterdam Zuid nehmen, sehen Sie Qbic sofort auf der rechten Seite.<\/p>\n<h3>mit dem Auto<\/h3>\n<p>Navigieren Sie in Richtung &#8218;Amsterdam WTC&#8216;, um auf dem gemeinsamen WTC-Parkplatz zu parken. In der N\u00e4he des WTC folgen Sie den Parkschildern in Richtung WTC Parking. Die Fahrt vom Flughafen Schiphol dauert etwa 20 Minuten.<\/p>\n<h3>Taxi<\/h3>\n<p>Benutzen Sie nur offizielle Taxis, die am Flughafen Schiphol auf Sie warten. Die Fahrt dauert etwa 20 Minuten.<\/p>\n","protected":false},"excerpt":{"rendered":"<p>Schiphol ist der viertgr\u00f6\u00dfte Flughafen Europas und der 16. verkehrsreichste Flughafen der Welt. Qbic befindet sich in idealer Lage in&#8230;<\/p>\n","protected":false},"author":8,"featured_media":18441,"parent":16384,"menu_order":63,"comment_status":"closed","ping_status":"closed","template":"","meta":{"_acf_changed":false,"footnotes":""},"class_list":["post-17886","page","type-page","status-publish","has-post-thumbnail","hentry"],"acf":[],"_links":{"self":[{"href":"https:\/\/qbichotels.com\/de\/wp-json\/wp\/v2\/pages\/17886","targetHints":{"allow":["GET"]}}],"collection":[{"href":"https:\/\/qbichotels.com\/de\/wp-json\/wp\/v2\/pages"}],"about":[{"href":"https:\/\/qbichotels.com\/de\/wp-json\/wp\/v2\/types\/page"}],"author":[{"embeddable":true,"href":"https:\/\/qbichotels.com\/de\/wp-json\/wp\/v2\/users\/8"}],"replies":[{"embeddable":true,"href":"https:\/\/qbichotels.com\/de\/wp-json\/wp\/v2\/comments?post=17886"}],"version-history":[{"count":3,"href":"https:\/\/qbichotels.com\/de\/wp-json\/wp\/v2\/pages\/17886\/revisions"}],"predecessor-version":[{"id":18120,"href":"https:\/\/qbichotels.com\/de\/wp-json\/wp\/v2\/pages\/17886\/revisions\/18120"}],"up":[{"embeddable":true,"href":"https:\/\/qbichotels.com\/de\/wp-json\/wp\/v2\/pages\/16384"}],"wp:featuredmedia":[{"embeddable":true,"href":"https:\/\/qbichotels.com\/de\/wp-json\/wp\/v2\/media\/18441"}],"wp:attachment":[{"href":"https:\/\/qbichotels.com\/de\/wp-json\/wp\/v2\/media?parent=17886"}],"curies":[{"name":"wp","href":"https:\/\/api.w.org\/{rel}","templated":true}]}}