{"id":16371,"date":"2018-10-04T09:28:27","date_gmt":"2018-10-04T08:28:27","guid":{"rendered":"https:\/\/qbichotels.com\/company-info\/"},"modified":"2023-04-06T16:22:15","modified_gmt":"2023-04-06T15:22:15","slug":"company-info","status":"publish","type":"page","link":"https:\/\/qbichotels.com\/es\/company-info\/","title":{"rendered":"Informaci\u00f3n de la compa\u00f1\u00eda"},"content":{"rendered":"<h2 id=\"tw-target-text\" class=\"tw-data-text tw-ta tw-text-large\" data-placeholder=\"Translation\"><span lang=\"es\">Direcci\u00f3n<\/span><\/h2>\n<p><strong>Qbic Hotel WTC Amsterdam<\/strong><br \/>\nMathijs Vermeulenpad 1<br \/>\n1077 XT Amsterdam<\/p>\n<p>T +31 (0)20 238 2195<br \/>\ninfo@qbicamsterdamwtc.com<br \/>\nwww.qbichotels.com<\/p>\n<div id=\"tw-target-text-container\" class=\"gsrt tw-ta-container tw-nfl\">\n<h2 id=\"tw-target-text\" class=\"tw-data-text tw-ta tw-text-medium\" data-placeholder=\"Translation\"><span lang=\"es\">Entidad oficial<\/span><\/h2>\n<\/div>\n<p><strong>La Berg\u00e8re Hospitality Group b.v.<\/strong><br \/>\nSint Maartenslaan 1<br \/>\n6221 AV Maastricht<\/p>\n<p>info@lbghotels.com<br \/>\nwww.lbghotels.com<\/p>\n<div id=\"tw-target-text-container\" class=\"gsrt tw-ta-container tw-nfl\">\n<p id=\"tw-target-text\" class=\"tw-data-text tw-ta tw-text-medium\" dir=\"ltr\" data-placeholder=\"Translation\"><span lang=\"es\">C\u00e1mara de Comercio de Maastricht<\/span>: 17188395<br \/>\n<span lang=\"es\">N\u00famero de valor agregado<\/span>: NL8158.75.526B01<\/p>\n<\/div>\n<div id=\"tw-target-text-container\" class=\"gsrt tw-ta-container tw-nfl\">\n<h2 id=\"tw-target-text\" class=\"tw-data-text tw-ta tw-text-medium\" data-placeholder=\"Translation\"><span lang=\"es\">Informaci\u00f3n bancaria<\/span><\/h2>\n<\/div>\n<p>BIC INGBNL2A<br \/>\nIBAN NL66INGB0663985269<\/p>\n<div id=\"tw-target-text-container\" class=\"gsrt tw-ta-container tw-nfl\">\n<h2 id=\"tw-target-text\" class=\"tw-data-text tw-ta tw-text-medium\" data-placeholder=\"Translation\"><span lang=\"es\">C\u00f3digos GDS<\/span><\/h2>\n<\/div>\n<p>Amadeus: UZ AMS001<br \/>\nGalileo\/Apollo: UZ 65528<br \/>\nSabre: UZ 079509<br \/>\nWorldSpan: UZ 15001<\/p>\n","protected":false},"excerpt":{"rendered":"<p>Direcci\u00f3n Qbic Hotel WTC Amsterdam Mathijs Vermeulenpad 1 1077 XT Amsterdam T +31 (0)20 238 2195 info@qbicamsterdamwtc.com www.qbichotels.com Entidad oficial&#8230;<\/p>\n","protected":false},"author":1,"featured_media":0,"parent":0,"menu_order":52,"comment_status":"closed","ping_status":"closed","template":"","meta":{"_acf_changed":false,"footnotes":""},"class_list":["post-16371","page","type-page","status-publish","hentry"],"acf":[],"_links":{"self":[{"href":"https:\/\/qbichotels.com\/es\/wp-json\/wp\/v2\/pages\/16371","targetHints":{"allow":["GET"]}}],"collection":[{"href":"https:\/\/qbichotels.com\/es\/wp-json\/wp\/v2\/pages"}],"about":[{"href":"https:\/\/qbichotels.com\/es\/wp-json\/wp\/v2\/types\/page"}],"author":[{"embeddable":true,"href":"https:\/\/qbichotels.com\/es\/wp-json\/wp\/v2\/users\/1"}],"replies":[{"embeddable":true,"href":"https:\/\/qbichotels.com\/es\/wp-json\/wp\/v2\/comments?post=16371"}],"version-history":[{"count":1,"href":"https:\/\/qbichotels.com\/es\/wp-json\/wp\/v2\/pages\/16371\/revisions"}],"predecessor-version":[{"id":17866,"href":"https:\/\/qbichotels.com\/es\/wp-json\/wp\/v2\/pages\/16371\/revisions\/17866"}],"wp:attachment":[{"href":"https:\/\/qbichotels.com\/es\/wp-json\/wp\/v2\/media?parent=16371"}],"curies":[{"name":"wp","href":"https:\/\/api.w.org\/{rel}","templated":true}]}}