{"id":17892,"date":"2023-04-20T08:37:35","date_gmt":"2023-04-20T07:37:35","guid":{"rendered":"https:\/\/qbichotels.com\/?page_id=17892"},"modified":"2023-10-03T12:15:08","modified_gmt":"2023-10-03T11:15:08","slug":"hotel-del-aeropuerto-de-schiphol","status":"publish","type":"page","link":"https:\/\/qbichotels.com\/es\/contact\/hotel-del-aeropuerto-de-schiphol\/","title":{"rendered":"Hotel del aeropuerto de Schiphol"},"content":{"rendered":"<p>Schiphol es el 4\u00ba aeropuerto con m\u00e1s tr\u00e1fico de Europa y el 16\u00ba del mundo. Qbic goza de una ubicaci\u00f3n ideal cerca del aeropuerto y del transporte p\u00fablico, con buenas conexiones con el aeropuerto y las zonas tur\u00edsticas y de negocios de \u00c1msterdam.<\/p>\n<p>Qbic ofrece alojamiento para desconectar, adecuado para todo, desde breves escapadas de fin de semana o viajes de negocios hasta largas estancias para explorar nuestra ciudad cultural. El hotel est\u00e1 situado en el WTC, en el coraz\u00f3n del distrito de negocios, y a poca distancia del centro de convenciones RAI.<\/p>\n<h2>C\u00f3mo llegar al Qbic Hotel Amsterdam desde el aeropuerto de Schiphol<\/h2>\n<p>Se puede llegar f\u00e1cilmente al Qbic Amsterdam desde el aeropuerto Schiphol de Amsterdam en coche, taxi o transporte p\u00fablico. Recomendamos utilizar el transporte p\u00fablico, ya que es la opci\u00f3n m\u00e1s r\u00e1pida. Se tarda s\u00f3lo 6 minutos en llegar a Qbic en 0train directamente desde la sala de salidas del aeropuerto hacia la estaci\u00f3n Amsterdam Zuid.<\/p>\n<h3>transporte p\u00fablico<\/h3>\n<p>Desde la sala principal de llegadas y salidas del aeropuerto, tome cualquier tren que pare en la estaci\u00f3n Amsterdam Zuid. Los trenes salen cada 10 minutos aproximadamente y le llevan a la estaci\u00f3n Amsterdam Zuid, justo a la vuelta de la esquina del hotel. Si toma la salida \u00abZuidplein\u00bb de la estaci\u00f3n Amsterdam Zuid, ver\u00e1 inmediatamente Qbic a mano derecha.<\/p>\n<h3>En coche<\/h3>\n<p>Navegue hacia &#8216;Amsterdam WTC&#8217; para aparcar en el parking compartido WTC. Alrededor del WTC, siga las se\u00f1ales de aparcamiento hacia WTC Parking. El trayecto dura unos 20 minutos desde el aeropuerto de Schiphol.<\/p>\n<h3>taxi<\/h3>\n<p>Utilice s\u00f3lo los taxis oficiales que le esperan en el aeropuerto de Schiphol. El trayecto dura unos 20 minutos.<\/p>\n","protected":false},"excerpt":{"rendered":"<p>Schiphol es el 4\u00ba aeropuerto con m\u00e1s tr\u00e1fico de Europa y el 16\u00ba del mundo. Qbic goza de una ubicaci\u00f3n&#8230;<\/p>\n","protected":false},"author":8,"featured_media":18443,"parent":16386,"menu_order":64,"comment_status":"closed","ping_status":"closed","template":"","meta":{"_acf_changed":false,"footnotes":""},"class_list":["post-17892","page","type-page","status-publish","has-post-thumbnail","hentry"],"acf":[],"_links":{"self":[{"href":"https:\/\/qbichotels.com\/es\/wp-json\/wp\/v2\/pages\/17892","targetHints":{"allow":["GET"]}}],"collection":[{"href":"https:\/\/qbichotels.com\/es\/wp-json\/wp\/v2\/pages"}],"about":[{"href":"https:\/\/qbichotels.com\/es\/wp-json\/wp\/v2\/types\/page"}],"author":[{"embeddable":true,"href":"https:\/\/qbichotels.com\/es\/wp-json\/wp\/v2\/users\/8"}],"replies":[{"embeddable":true,"href":"https:\/\/qbichotels.com\/es\/wp-json\/wp\/v2\/comments?post=17892"}],"version-history":[{"count":2,"href":"https:\/\/qbichotels.com\/es\/wp-json\/wp\/v2\/pages\/17892\/revisions"}],"predecessor-version":[{"id":17894,"href":"https:\/\/qbichotels.com\/es\/wp-json\/wp\/v2\/pages\/17892\/revisions\/17894"}],"up":[{"embeddable":true,"href":"https:\/\/qbichotels.com\/es\/wp-json\/wp\/v2\/pages\/16386"}],"wp:featuredmedia":[{"embeddable":true,"href":"https:\/\/qbichotels.com\/es\/wp-json\/wp\/v2\/media\/18443"}],"wp:attachment":[{"href":"https:\/\/qbichotels.com\/es\/wp-json\/wp\/v2\/media?parent=17892"}],"curies":[{"name":"wp","href":"https:\/\/api.w.org\/{rel}","templated":true}]}}