{"id":16856,"date":"2018-10-15T14:03:14","date_gmt":"2018-10-15T13:03:14","guid":{"rendered":"https:\/\/qbichotels.com\/contact\/hotel-aeroport-de-schiphol\/"},"modified":"2023-10-03T12:14:12","modified_gmt":"2023-10-03T11:14:12","slug":"schiphol-airport-hotel","status":"publish","type":"page","link":"https:\/\/qbichotels.com\/fr\/contact\/schiphol-airport-hotel\/","title":{"rendered":"Schiphol Airport Hotel"},"content":{"rendered":"<p>Schiphol est le quatri\u00e8me a\u00e9roport le plus fr\u00e9quent\u00e9 d&rsquo;Europe et le seizi\u00e8me a\u00e9roport le plus fr\u00e9quent\u00e9 du monde. Qbic est id\u00e9alement situ\u00e9 \u00e0 proximit\u00e9 de l&rsquo;a\u00e9roport et des transports publics, avec de bonnes liaisons vers l&rsquo;a\u00e9roport et les zones touristiques et d&rsquo;affaires d&rsquo;Amsterdam.<\/p>\n<p>Qbic propose un h\u00e9bergement pour se d\u00e9tendre, adapt\u00e9 \u00e0 tous les types de s\u00e9jours, qu&rsquo;il s&rsquo;agisse de courts week-ends, de voyages d&rsquo;affaires ou de longs s\u00e9jours \u00e0 la d\u00e9couverte de notre ville culturelle. L&rsquo;h\u00f4tel est situ\u00e9 dans le WTC, au c\u0153ur du quartier des affaires, et \u00e0 distance de marche du centre de convention RAI.<\/p>\n<h2><strong>Se rendre au Qbic Hotel Amsterdam depuis l&rsquo;a\u00e9roport de Schiphol<\/strong><\/h2>\n<p>voiture, en taxi ou en transports publics. Nous recommandons d&rsquo;utiliser les transports publics car c&rsquo;est l&rsquo;option la plus rapide. Il ne faut que 6 minutes pour se rendre \u00e0 l&rsquo;h\u00f4tel Qbic en train 0 directement depuis le hall des d\u00e9parts de l&rsquo;a\u00e9roport vers la station Amsterdam Zuid.<\/p>\n<h3>Transport public<\/h3>\n<p>Depuis le hall principal des arriv\u00e9es et des d\u00e9parts de l&rsquo;a\u00e9roport, prenez n&rsquo;importe quel train s&rsquo;arr\u00eatant \u00e0 la station Amsterdam Zuid. Les trains partent toutes les 10 minutes environ et vous emm\u00e8nent \u00e0 la station Amsterdam Zuid, juste au coin de la rue de l&rsquo;h\u00f4tel. Si vous prenez la sortie &lsquo;Zuidplein&rsquo; de la gare d&rsquo;Amsterdam Zuid, vous verrez imm\u00e9diatement Qbic sur votre droite.<\/p>\n<h3>En voiture<\/h3>\n<p>Naviguer vers &lsquo;Amsterdam WTC&rsquo; pour se garer dans le parking partag\u00e9 du WTC. Autour du WTC, suivez les panneaux de stationnement vers le parking WTC. Le trajet dure environ 20 minutes depuis l&rsquo;a\u00e9roport de Schiphol.<\/p>\n<h3>Taxi<\/h3>\n<p>Utilisez uniquement les taxis officiels qui vous attendent \u00e0 l&rsquo;a\u00e9roport de Schiphol. Le trajet dure environ 20 minutes.<\/p>\n","protected":false},"excerpt":{"rendered":"<p>Schiphol est le quatri\u00e8me a\u00e9roport le plus fr\u00e9quent\u00e9 d&rsquo;Europe et le seizi\u00e8me a\u00e9roport le plus fr\u00e9quent\u00e9 du monde. Qbic est&#8230;<\/p>\n","protected":false},"author":1,"featured_media":18440,"parent":16383,"menu_order":66,"comment_status":"closed","ping_status":"closed","template":"","meta":{"_acf_changed":false,"footnotes":""},"class_list":["post-16856","page","type-page","status-publish","has-post-thumbnail","hentry"],"acf":[],"_links":{"self":[{"href":"https:\/\/qbichotels.com\/fr\/wp-json\/wp\/v2\/pages\/16856","targetHints":{"allow":["GET"]}}],"collection":[{"href":"https:\/\/qbichotels.com\/fr\/wp-json\/wp\/v2\/pages"}],"about":[{"href":"https:\/\/qbichotels.com\/fr\/wp-json\/wp\/v2\/types\/page"}],"author":[{"embeddable":true,"href":"https:\/\/qbichotels.com\/fr\/wp-json\/wp\/v2\/users\/1"}],"replies":[{"embeddable":true,"href":"https:\/\/qbichotels.com\/fr\/wp-json\/wp\/v2\/comments?post=16856"}],"version-history":[{"count":5,"href":"https:\/\/qbichotels.com\/fr\/wp-json\/wp\/v2\/pages\/16856\/revisions"}],"predecessor-version":[{"id":18965,"href":"https:\/\/qbichotels.com\/fr\/wp-json\/wp\/v2\/pages\/16856\/revisions\/18965"}],"up":[{"embeddable":true,"href":"https:\/\/qbichotels.com\/fr\/wp-json\/wp\/v2\/pages\/16383"}],"wp:featuredmedia":[{"embeddable":true,"href":"https:\/\/qbichotels.com\/fr\/wp-json\/wp\/v2\/media\/18440"}],"wp:attachment":[{"href":"https:\/\/qbichotels.com\/fr\/wp-json\/wp\/v2\/media?parent=16856"}],"curies":[{"name":"wp","href":"https:\/\/api.w.org\/{rel}","templated":true}]}}