{"id":16857,"date":"2019-09-24T16:14:57","date_gmt":"2019-09-24T15:14:57","guid":{"rendered":"https:\/\/qbichotels.com\/contact\/hotel-proche-du-centre-de-conference-rai\/"},"modified":"2023-10-03T12:12:50","modified_gmt":"2023-10-03T11:12:50","slug":"hotel-proche-du-centre-de-conference-rai","status":"publish","type":"page","link":"https:\/\/qbichotels.com\/fr\/contact\/hotel-proche-du-centre-de-conference-rai\/","title":{"rendered":"H\u00f4tel proche du Centre de Conf\u00e9rence RAI"},"content":{"rendered":"<p>Si vous assistez \u00e0 une r\u00e9union d\u2019affaires au Centre de Conf\u00e9rence RAI, Qbic Amsterdam peut \u00eatre l\u2019endroit id\u00e9al pour s\u00e9journer pendant votre voyage.<\/p>\n<p>Que ce soit pour une nuit ou pour une semaine, nos chambres modernes, \u00e0 la pointe de la technologie, seront id\u00e9ales pour assister \u00e0 votre \u00e9v\u00e9nement. Quelque 50 conf\u00e9rences internationales et 70 salons professionnels sont organis\u00e9s chaque ann\u00e9e au Centre de Conf\u00e9rence RAI, ainsi que des expositions et des conventions.\u00a0Le complexe du Centre de Conf\u00e9rence RAI comprend une salle de musique et de concert ainsi que plusieurs restaurants de qualit\u00e9. Qbic Amsterdam vous offrira confort et qualit\u00e9 dans le quartier des affaires d\u2019Amsterdam, \u00e0 des prix plancher. Nous proposons des tarifs d\u2019entreprise et les r\u00e9servations de groupe sont les bienvenues.\u00a0<a href=\"https:\/\/book-amsterdam.qbichotels.com\/\" data-wpel-link=\"internal\">R\u00e9servez sans attendre le s\u00e9jour de vos d\u00e9l\u00e9gu\u00e9s pour \u00e9conomiser.<\/a><\/p>\n","protected":false},"excerpt":{"rendered":"<p>Si vous assistez \u00e0 une r\u00e9union d\u2019affaires au Centre de Conf\u00e9rence RAI, Qbic Amsterdam peut \u00eatre l\u2019endroit id\u00e9al pour s\u00e9journer&#8230;<\/p>\n","protected":false},"author":1,"featured_media":18195,"parent":16383,"menu_order":59,"comment_status":"closed","ping_status":"closed","template":"","meta":{"_acf_changed":false,"footnotes":""},"class_list":["post-16857","page","type-page","status-publish","has-post-thumbnail","hentry"],"acf":[],"_links":{"self":[{"href":"https:\/\/qbichotels.com\/fr\/wp-json\/wp\/v2\/pages\/16857","targetHints":{"allow":["GET"]}}],"collection":[{"href":"https:\/\/qbichotels.com\/fr\/wp-json\/wp\/v2\/pages"}],"about":[{"href":"https:\/\/qbichotels.com\/fr\/wp-json\/wp\/v2\/types\/page"}],"author":[{"embeddable":true,"href":"https:\/\/qbichotels.com\/fr\/wp-json\/wp\/v2\/users\/1"}],"replies":[{"embeddable":true,"href":"https:\/\/qbichotels.com\/fr\/wp-json\/wp\/v2\/comments?post=16857"}],"version-history":[{"count":2,"href":"https:\/\/qbichotels.com\/fr\/wp-json\/wp\/v2\/pages\/16857\/revisions"}],"predecessor-version":[{"id":18962,"href":"https:\/\/qbichotels.com\/fr\/wp-json\/wp\/v2\/pages\/16857\/revisions\/18962"}],"up":[{"embeddable":true,"href":"https:\/\/qbichotels.com\/fr\/wp-json\/wp\/v2\/pages\/16383"}],"wp:featuredmedia":[{"embeddable":true,"href":"https:\/\/qbichotels.com\/fr\/wp-json\/wp\/v2\/media\/18195"}],"wp:attachment":[{"href":"https:\/\/qbichotels.com\/fr\/wp-json\/wp\/v2\/media?parent=16857"}],"curies":[{"name":"wp","href":"https:\/\/api.w.org\/{rel}","templated":true}]}}